{"id":185,"date":"2026-03-21T18:01:43","date_gmt":"2026-03-21T18:01:43","guid":{"rendered":"https:\/\/sjerka.mojweb.com.hr\/?page_id=185"},"modified":"2026-03-21T18:39:19","modified_gmt":"2026-03-21T18:39:19","slug":"blog","status":"publish","type":"page","link":"https:\/\/sjerka.mojweb.com.hr\/index.php\/blog\/","title":{"rendered":"Instagram kampanje"},"content":{"rendered":"\n<hr class=\"wp-block-separator has-alpha-channel-opacity\"\/>\n\n\n\n<p><em>\u017delite da Instagram po\u010dne raditi za vas? Pretvorite ga u izvor novih klijenata!<\/em><\/p>\n\n\n\n<p><em>Uz pravilno postavljene Instagram kampanje, va\u0161 profil mo\u017ee svakodnevno dovoditi nove potencijalne klijente.<\/em><\/p>\n\n\n\n<details class=\"wp-block-details is-layout-flow wp-block-details-is-layout-flow\"><summary><em>\u0160to uklju\u010duje Instagram kampanja?<\/em><\/summary>\n<p>\u2714\ufe0f<em>analiza va\u0161eg profila i tr\u017ei\u0161ta<\/em><br>\u2714\ufe0f <em>definiranje idealne publike<\/em><br>\u2714\ufe0f <em>izrada profesionalnih oglasa<\/em><br>\u2714\ufe0f <em>ciljano ogla\u0161avanje prema pravim korisnicima<\/em><br>\u2714\ufe0f <em>optimizacija kampanja za bolje rezultate<\/em><br>\u2714\ufe0f <em>pra\u0107enje i analiza performansi<\/em><\/p>\n\n\n\n<p><\/p>\n<\/details>\n\n\n\n<p><em> <\/em><\/p>\n","protected":false},"excerpt":{"rendered":"<p>\u017delite da Instagram po\u010dne raditi za vas? Pretvorite ga u izvor novih klijenata! Uz pravilno postavljene Instagram kampanje, va\u0161 profil mo\u017ee svakodnevno dovoditi nove potencijalne klijente.<\/p>\n","protected":false},"author":1,"featured_media":0,"parent":0,"menu_order":0,"comment_status":"closed","ping_status":"closed","template":"","meta":{"footnotes":""},"class_list":["post-185","page","type-page","status-publish","hentry"],"yoast_head":"<!-- This site is optimized with the Yoast SEO plugin v27.1.1 - https:\/\/yoast.com\/product\/yoast-seo-wordpress\/ -->\n<title>Instagram kampanje - Studio Sandra<\/title>\n<meta name=\"robots\" content=\"index, follow, max-snippet:-1, max-image-preview:large, max-video-preview:-1\" \/>\n<link rel=\"canonical\" href=\"https:\/\/sjerka.mojweb.com.hr\/index.php\/blog\/\" \/>\n<meta property=\"og:locale\" content=\"en_US\" \/>\n<meta property=\"og:type\" content=\"article\" \/>\n<meta property=\"og:title\" content=\"Instagram kampanje - Studio Sandra\" \/>\n<meta property=\"og:description\" content=\"\u017delite da Instagram po\u010dne raditi za vas? Pretvorite ga u izvor novih klijenata! Uz pravilno postavljene Instagram kampanje, va\u0161 profil mo\u017ee svakodnevno dovoditi nove potencijalne klijente.\" \/>\n<meta property=\"og:url\" content=\"https:\/\/sjerka.mojweb.com.hr\/index.php\/blog\/\" \/>\n<meta property=\"og:site_name\" content=\"Studio Sandra\" \/>\n<meta property=\"article:modified_time\" content=\"2026-03-21T18:39:19+00:00\" \/>\n<meta name=\"twitter:card\" content=\"summary_large_image\" \/>\n<meta name=\"twitter:label1\" content=\"Est. reading time\" \/>\n\t<meta name=\"twitter:data1\" content=\"1 minute\" \/>\n<script type=\"application\/ld+json\" class=\"yoast-schema-graph\">{\"@context\":\"https:\/\/schema.org\",\"@graph\":[{\"@type\":\"WebPage\",\"@id\":\"https:\/\/sjerka.mojweb.com.hr\/index.php\/blog\/\",\"url\":\"https:\/\/sjerka.mojweb.com.hr\/index.php\/blog\/\",\"name\":\"Instagram kampanje - Studio Sandra\",\"isPartOf\":{\"@id\":\"https:\/\/sjerka.mojweb.com.hr\/#website\"},\"datePublished\":\"2026-03-21T18:01:43+00:00\",\"dateModified\":\"2026-03-21T18:39:19+00:00\",\"breadcrumb\":{\"@id\":\"https:\/\/sjerka.mojweb.com.hr\/index.php\/blog\/#breadcrumb\"},\"inLanguage\":\"en-US\",\"potentialAction\":[{\"@type\":\"ReadAction\",\"target\":[\"https:\/\/sjerka.mojweb.com.hr\/index.php\/blog\/\"]}]},{\"@type\":\"BreadcrumbList\",\"@id\":\"https:\/\/sjerka.mojweb.com.hr\/index.php\/blog\/#breadcrumb\",\"itemListElement\":[{\"@type\":\"ListItem\",\"position\":1,\"name\":\"Home\",\"item\":\"https:\/\/sjerka.mojweb.com.hr\/\"},{\"@type\":\"ListItem\",\"position\":2,\"name\":\"Instagram kampanje\"}]},{\"@type\":\"WebSite\",\"@id\":\"https:\/\/sjerka.mojweb.com.hr\/#website\",\"url\":\"https:\/\/sjerka.mojweb.com.hr\/\",\"name\":\"Studio Sandra\",\"description\":\"Digitalni marketing obuhva\u0107a sve marketin\u0161ke aktivnosti koje se odvijaju putem digitalnih kanala \u2013 interneta, dru\u0161tvenih mre\u017ea, tra\u017eilica, e-maila i web stranica. Njegov glavni cilj je privu\u0107i, informirati i pretvoriti posjetitelje u kupce koriste\u0107i mjerljive i ciljane strategije.\",\"potentialAction\":[{\"@type\":\"SearchAction\",\"target\":{\"@type\":\"EntryPoint\",\"urlTemplate\":\"https:\/\/sjerka.mojweb.com.hr\/?s={search_term_string}\"},\"query-input\":{\"@type\":\"PropertyValueSpecification\",\"valueRequired\":true,\"valueName\":\"search_term_string\"}}],\"inLanguage\":\"en-US\"}]}<\/script>\n<!-- \/ Yoast SEO plugin. -->","yoast_head_json":{"title":"Instagram kampanje - Studio Sandra","robots":{"index":"index","follow":"follow","max-snippet":"max-snippet:-1","max-image-preview":"max-image-preview:large","max-video-preview":"max-video-preview:-1"},"canonical":"https:\/\/sjerka.mojweb.com.hr\/index.php\/blog\/","og_locale":"en_US","og_type":"article","og_title":"Instagram kampanje - Studio Sandra","og_description":"\u017delite da Instagram po\u010dne raditi za vas? Pretvorite ga u izvor novih klijenata! Uz pravilno postavljene Instagram kampanje, va\u0161 profil mo\u017ee svakodnevno dovoditi nove potencijalne klijente.","og_url":"https:\/\/sjerka.mojweb.com.hr\/index.php\/blog\/","og_site_name":"Studio Sandra","article_modified_time":"2026-03-21T18:39:19+00:00","twitter_card":"summary_large_image","twitter_misc":{"Est. reading time":"1 minute"},"schema":{"@context":"https:\/\/schema.org","@graph":[{"@type":"WebPage","@id":"https:\/\/sjerka.mojweb.com.hr\/index.php\/blog\/","url":"https:\/\/sjerka.mojweb.com.hr\/index.php\/blog\/","name":"Instagram kampanje - Studio Sandra","isPartOf":{"@id":"https:\/\/sjerka.mojweb.com.hr\/#website"},"datePublished":"2026-03-21T18:01:43+00:00","dateModified":"2026-03-21T18:39:19+00:00","breadcrumb":{"@id":"https:\/\/sjerka.mojweb.com.hr\/index.php\/blog\/#breadcrumb"},"inLanguage":"en-US","potentialAction":[{"@type":"ReadAction","target":["https:\/\/sjerka.mojweb.com.hr\/index.php\/blog\/"]}]},{"@type":"BreadcrumbList","@id":"https:\/\/sjerka.mojweb.com.hr\/index.php\/blog\/#breadcrumb","itemListElement":[{"@type":"ListItem","position":1,"name":"Home","item":"https:\/\/sjerka.mojweb.com.hr\/"},{"@type":"ListItem","position":2,"name":"Instagram kampanje"}]},{"@type":"WebSite","@id":"https:\/\/sjerka.mojweb.com.hr\/#website","url":"https:\/\/sjerka.mojweb.com.hr\/","name":"Studio Sandra","description":"Digitalni marketing obuhva\u0107a sve marketin\u0161ke aktivnosti koje se odvijaju putem digitalnih kanala \u2013 interneta, dru\u0161tvenih mre\u017ea, tra\u017eilica, e-maila i web stranica. Njegov glavni cilj je privu\u0107i, informirati i pretvoriti posjetitelje u kupce koriste\u0107i mjerljive i ciljane strategije.","potentialAction":[{"@type":"SearchAction","target":{"@type":"EntryPoint","urlTemplate":"https:\/\/sjerka.mojweb.com.hr\/?s={search_term_string}"},"query-input":{"@type":"PropertyValueSpecification","valueRequired":true,"valueName":"search_term_string"}}],"inLanguage":"en-US"}]}},"_links":{"self":[{"href":"https:\/\/sjerka.mojweb.com.hr\/index.php\/wp-json\/wp\/v2\/pages\/185","targetHints":{"allow":["GET"]}}],"collection":[{"href":"https:\/\/sjerka.mojweb.com.hr\/index.php\/wp-json\/wp\/v2\/pages"}],"about":[{"href":"https:\/\/sjerka.mojweb.com.hr\/index.php\/wp-json\/wp\/v2\/types\/page"}],"author":[{"embeddable":true,"href":"https:\/\/sjerka.mojweb.com.hr\/index.php\/wp-json\/wp\/v2\/users\/1"}],"replies":[{"embeddable":true,"href":"https:\/\/sjerka.mojweb.com.hr\/index.php\/wp-json\/wp\/v2\/comments?post=185"}],"version-history":[{"count":4,"href":"https:\/\/sjerka.mojweb.com.hr\/index.php\/wp-json\/wp\/v2\/pages\/185\/revisions"}],"predecessor-version":[{"id":213,"href":"https:\/\/sjerka.mojweb.com.hr\/index.php\/wp-json\/wp\/v2\/pages\/185\/revisions\/213"}],"wp:attachment":[{"href":"https:\/\/sjerka.mojweb.com.hr\/index.php\/wp-json\/wp\/v2\/media?parent=185"}],"curies":[{"name":"wp","href":"https:\/\/api.w.org\/{rel}","templated":true}]}}