{"id":87,"date":"2026-02-25T18:24:46","date_gmt":"2026-02-25T18:24:46","guid":{"rendered":"https:\/\/sjerka.mojweb.com.hr\/?page_id=87"},"modified":"2026-03-04T17:20:03","modified_gmt":"2026-03-04T17:20:03","slug":"87-2","status":"publish","type":"page","link":"https:\/\/sjerka.mojweb.com.hr\/index.php\/87-2\/","title":{"rendered":"Kontakt"},"content":{"rendered":"\n<div class=\"wpcf7 no-js\" id=\"wpcf7-f80-o1\" lang=\"en-US\" dir=\"ltr\" data-wpcf7-id=\"80\">\n<div class=\"screen-reader-response\"><p role=\"status\" aria-live=\"polite\" aria-atomic=\"true\"><\/p> <ul><\/ul><\/div>\n<form action=\"\/index.php\/wp-json\/wp\/v2\/pages\/87#wpcf7-f80-o1\" method=\"post\" class=\"wpcf7-form init\" aria-label=\"Contact form\" novalidate=\"novalidate\" data-status=\"init\">\n<fieldset class=\"hidden-fields-container\"><input type=\"hidden\" name=\"_wpcf7\" value=\"80\" \/><input type=\"hidden\" name=\"_wpcf7_version\" value=\"6.1.5\" \/><input type=\"hidden\" name=\"_wpcf7_locale\" value=\"en_US\" \/><input type=\"hidden\" name=\"_wpcf7_unit_tag\" value=\"wpcf7-f80-o1\" \/><input type=\"hidden\" name=\"_wpcf7_container_post\" value=\"0\" \/><input type=\"hidden\" name=\"_wpcf7_posted_data_hash\" value=\"\" \/>\n<\/fieldset>\n<p><label> Your name<br \/>\n<span class=\"wpcf7-form-control-wrap\" data-name=\"your-name\"><input size=\"40\" maxlength=\"400\" class=\"wpcf7-form-control wpcf7-text wpcf7-validates-as-required\" autocomplete=\"name\" aria-required=\"true\" aria-invalid=\"false\" value=\"\" type=\"text\" name=\"your-name\" \/><\/span> <\/label><br \/>\n<label> prezime<br \/>\n<span class=\"wpcf7-form-control-wrap\" data-name=\"text-930\"><input size=\"40\" maxlength=\"400\" class=\"wpcf7-form-control wpcf7-text\" aria-invalid=\"false\" value=\"\" type=\"text\" name=\"text-930\" \/><\/span><\/label><br \/>\n<label> Your email<br \/>\n<span class=\"wpcf7-form-control-wrap\" data-name=\"your-email\"><input size=\"40\" maxlength=\"400\" class=\"wpcf7-form-control wpcf7-email wpcf7-validates-as-required wpcf7-text wpcf7-validates-as-email\" autocomplete=\"email\" aria-required=\"true\" aria-invalid=\"false\" value=\"\" type=\"email\" name=\"your-email\" \/><\/span> <\/label>\n<\/p>\n<p><label> Subject<br \/>\n<span class=\"wpcf7-form-control-wrap\" data-name=\"your-subject\"><input size=\"40\" maxlength=\"400\" class=\"wpcf7-form-control wpcf7-text wpcf7-validates-as-required\" aria-required=\"true\" aria-invalid=\"false\" value=\"\" type=\"text\" name=\"your-subject\" \/><\/span> <\/label>\n<\/p>\n<p><label> Your message (optional)<br \/>\n<span class=\"wpcf7-form-control-wrap\" data-name=\"your-message\"><textarea cols=\"40\" rows=\"10\" maxlength=\"2000\" class=\"wpcf7-form-control wpcf7-textarea\" aria-invalid=\"false\" name=\"your-message\"><\/textarea><\/span> <\/label>\n<\/p>\n<p><input class=\"wpcf7-form-control wpcf7-submit has-spinner\" type=\"submit\" value=\"Submit\" \/>\n<\/p><div class=\"wpcf7-response-output\" aria-hidden=\"true\"><\/div>\n<\/form>\n<\/div>\n\n\n\n\n<iframe src=\"https:\/\/www.google.com\/maps\/embed?pb=!1m18!1m12!1m3!1d3394.1733349309457!2d16.447709176494367!3d43.52013476102645!2m3!1f0!2f0!3f0!3m2!1i1024!2i768!4f13.1!3m3!1m2!1s0x13355e0da6439d89%3A0x81eb66ac726da750!2sUl.%20Domovinskog%20rata%2061%2C%2021000%2C%20Split!5e1!3m2!1sen!2shr!4v1772644199981!5m2!1sen!2shr\" width=\"600\" height=\"450\" style=\"border:0;\" allowfullscreen=\"\" loading=\"lazy\" referrerpolicy=\"no-referrer-when-downgrade\"><\/iframe>\n\n\n\n<p><\/p>\n","protected":false},"excerpt":{"rendered":"","protected":false},"author":1,"featured_media":0,"parent":0,"menu_order":0,"comment_status":"closed","ping_status":"closed","template":"","meta":{"footnotes":""},"class_list":["post-87","page","type-page","status-publish","hentry"],"yoast_head":"<!-- This site is optimized with the Yoast SEO plugin v27.1.1 - https:\/\/yoast.com\/product\/yoast-seo-wordpress\/ -->\n<title>Kontakt - Studio Sandra<\/title>\n<meta name=\"robots\" content=\"index, follow, max-snippet:-1, max-image-preview:large, max-video-preview:-1\" \/>\n<link rel=\"canonical\" href=\"https:\/\/sjerka.mojweb.com.hr\/index.php\/87-2\/\" \/>\n<meta property=\"og:locale\" content=\"en_US\" \/>\n<meta property=\"og:type\" content=\"article\" \/>\n<meta property=\"og:title\" content=\"Kontakt - Studio Sandra\" \/>\n<meta property=\"og:url\" content=\"https:\/\/sjerka.mojweb.com.hr\/index.php\/87-2\/\" \/>\n<meta property=\"og:site_name\" content=\"Studio Sandra\" \/>\n<meta property=\"article:modified_time\" content=\"2026-03-04T17:20:03+00:00\" \/>\n<meta name=\"twitter:card\" content=\"summary_large_image\" \/>\n<meta name=\"twitter:label1\" content=\"Est. reading time\" \/>\n\t<meta name=\"twitter:data1\" content=\"1 minute\" \/>\n<script type=\"application\/ld+json\" class=\"yoast-schema-graph\">{\"@context\":\"https:\/\/schema.org\",\"@graph\":[{\"@type\":\"WebPage\",\"@id\":\"https:\/\/sjerka.mojweb.com.hr\/index.php\/87-2\/\",\"url\":\"https:\/\/sjerka.mojweb.com.hr\/index.php\/87-2\/\",\"name\":\"Kontakt - Studio Sandra\",\"isPartOf\":{\"@id\":\"https:\/\/sjerka.mojweb.com.hr\/#website\"},\"datePublished\":\"2026-02-25T18:24:46+00:00\",\"dateModified\":\"2026-03-04T17:20:03+00:00\",\"breadcrumb\":{\"@id\":\"https:\/\/sjerka.mojweb.com.hr\/index.php\/87-2\/#breadcrumb\"},\"inLanguage\":\"en-US\",\"potentialAction\":[{\"@type\":\"ReadAction\",\"target\":[\"https:\/\/sjerka.mojweb.com.hr\/index.php\/87-2\/\"]}]},{\"@type\":\"BreadcrumbList\",\"@id\":\"https:\/\/sjerka.mojweb.com.hr\/index.php\/87-2\/#breadcrumb\",\"itemListElement\":[{\"@type\":\"ListItem\",\"position\":1,\"name\":\"Home\",\"item\":\"https:\/\/sjerka.mojweb.com.hr\/\"},{\"@type\":\"ListItem\",\"position\":2,\"name\":\"Kontakt\"}]},{\"@type\":\"WebSite\",\"@id\":\"https:\/\/sjerka.mojweb.com.hr\/#website\",\"url\":\"https:\/\/sjerka.mojweb.com.hr\/\",\"name\":\"Studio Sandra\",\"description\":\"Digitalni marketing obuhva\u0107a sve marketin\u0161ke aktivnosti koje se odvijaju putem digitalnih kanala \u2013 interneta, dru\u0161tvenih mre\u017ea, tra\u017eilica, e-maila i web stranica. Njegov glavni cilj je privu\u0107i, informirati i pretvoriti posjetitelje u kupce koriste\u0107i mjerljive i ciljane strategije.\",\"potentialAction\":[{\"@type\":\"SearchAction\",\"target\":{\"@type\":\"EntryPoint\",\"urlTemplate\":\"https:\/\/sjerka.mojweb.com.hr\/?s={search_term_string}\"},\"query-input\":{\"@type\":\"PropertyValueSpecification\",\"valueRequired\":true,\"valueName\":\"search_term_string\"}}],\"inLanguage\":\"en-US\"}]}<\/script>\n<!-- \/ Yoast SEO plugin. -->","yoast_head_json":{"title":"Kontakt - Studio Sandra","robots":{"index":"index","follow":"follow","max-snippet":"max-snippet:-1","max-image-preview":"max-image-preview:large","max-video-preview":"max-video-preview:-1"},"canonical":"https:\/\/sjerka.mojweb.com.hr\/index.php\/87-2\/","og_locale":"en_US","og_type":"article","og_title":"Kontakt - Studio Sandra","og_url":"https:\/\/sjerka.mojweb.com.hr\/index.php\/87-2\/","og_site_name":"Studio Sandra","article_modified_time":"2026-03-04T17:20:03+00:00","twitter_card":"summary_large_image","twitter_misc":{"Est. reading time":"1 minute"},"schema":{"@context":"https:\/\/schema.org","@graph":[{"@type":"WebPage","@id":"https:\/\/sjerka.mojweb.com.hr\/index.php\/87-2\/","url":"https:\/\/sjerka.mojweb.com.hr\/index.php\/87-2\/","name":"Kontakt - Studio Sandra","isPartOf":{"@id":"https:\/\/sjerka.mojweb.com.hr\/#website"},"datePublished":"2026-02-25T18:24:46+00:00","dateModified":"2026-03-04T17:20:03+00:00","breadcrumb":{"@id":"https:\/\/sjerka.mojweb.com.hr\/index.php\/87-2\/#breadcrumb"},"inLanguage":"en-US","potentialAction":[{"@type":"ReadAction","target":["https:\/\/sjerka.mojweb.com.hr\/index.php\/87-2\/"]}]},{"@type":"BreadcrumbList","@id":"https:\/\/sjerka.mojweb.com.hr\/index.php\/87-2\/#breadcrumb","itemListElement":[{"@type":"ListItem","position":1,"name":"Home","item":"https:\/\/sjerka.mojweb.com.hr\/"},{"@type":"ListItem","position":2,"name":"Kontakt"}]},{"@type":"WebSite","@id":"https:\/\/sjerka.mojweb.com.hr\/#website","url":"https:\/\/sjerka.mojweb.com.hr\/","name":"Studio Sandra","description":"Digitalni marketing obuhva\u0107a sve marketin\u0161ke aktivnosti koje se odvijaju putem digitalnih kanala \u2013 interneta, dru\u0161tvenih mre\u017ea, tra\u017eilica, e-maila i web stranica. Njegov glavni cilj je privu\u0107i, informirati i pretvoriti posjetitelje u kupce koriste\u0107i mjerljive i ciljane strategije.","potentialAction":[{"@type":"SearchAction","target":{"@type":"EntryPoint","urlTemplate":"https:\/\/sjerka.mojweb.com.hr\/?s={search_term_string}"},"query-input":{"@type":"PropertyValueSpecification","valueRequired":true,"valueName":"search_term_string"}}],"inLanguage":"en-US"}]}},"_links":{"self":[{"href":"https:\/\/sjerka.mojweb.com.hr\/index.php\/wp-json\/wp\/v2\/pages\/87","targetHints":{"allow":["GET"]}}],"collection":[{"href":"https:\/\/sjerka.mojweb.com.hr\/index.php\/wp-json\/wp\/v2\/pages"}],"about":[{"href":"https:\/\/sjerka.mojweb.com.hr\/index.php\/wp-json\/wp\/v2\/types\/page"}],"author":[{"embeddable":true,"href":"https:\/\/sjerka.mojweb.com.hr\/index.php\/wp-json\/wp\/v2\/users\/1"}],"replies":[{"embeddable":true,"href":"https:\/\/sjerka.mojweb.com.hr\/index.php\/wp-json\/wp\/v2\/comments?post=87"}],"version-history":[{"count":5,"href":"https:\/\/sjerka.mojweb.com.hr\/index.php\/wp-json\/wp\/v2\/pages\/87\/revisions"}],"predecessor-version":[{"id":141,"href":"https:\/\/sjerka.mojweb.com.hr\/index.php\/wp-json\/wp\/v2\/pages\/87\/revisions\/141"}],"wp:attachment":[{"href":"https:\/\/sjerka.mojweb.com.hr\/index.php\/wp-json\/wp\/v2\/media?parent=87"}],"curies":[{"name":"wp","href":"https:\/\/api.w.org\/{rel}","templated":true}]}}